{"id":7140,"date":"2025-07-28T09:55:53","date_gmt":"2025-07-28T13:55:53","guid":{"rendered":"https:\/\/learning.canadasoccer.com\/?page_id=7140"},"modified":"2025-07-29T07:51:21","modified_gmt":"2025-07-29T11:51:21","slug":"certification-verification","status":"publish","type":"page","link":"https:\/\/learning.canadasoccer.com\/fr\/certification-verification\/","title":{"rendered":"V\u00e9rification de la certification"},"content":{"rendered":"<style>.kb-image7140_270a1f-18 .kb-image-has-overlay:after{opacity:0.3;}<\/style>\n<div class=\"wp-block-kadence-image kb-image7140_270a1f-18\"><figure class=\"aligncenter size-full\"><img data-dominant-color=\"a56a62\" data-has-transparency=\"true\" style=\"--dominant-color: #a56a62;\" decoding=\"async\" width=\"555\" height=\"178\" src=\"https:\/\/learning.canadasoccer.com\/wp-content\/uploads\/2025\/05\/Learning-Hub-.webp\" alt=\"\" class=\"kb-img wp-image-6098 has-transparency\" srcset=\"https:\/\/learning.canadasoccer.com\/wp-content\/uploads\/2025\/05\/Learning-Hub-.webp 555w, https:\/\/learning.canadasoccer.com\/wp-content\/uploads\/2025\/05\/Learning-Hub--300x96.webp 300w, https:\/\/learning.canadasoccer.com\/wp-content\/uploads\/2025\/05\/Learning-Hub--18x6.webp 18w\" sizes=\"(max-width: 555px) 100vw, 555px\" \/><\/figure><\/div>\n\n\n\n<h2 class=\"wp-block-heading has-text-align-center\">V\u00e9rification de la certification<\/h2>\n\n\n\n<p class=\"has-text-align-center\">Saisissez un num\u00e9ro de certificat pour v\u00e9rifier si l'utilisateur dispose d'un certificat valide.<\/p>\n\n\n\n<p class=\"has-text-align-center\"><div class=\"certificate-tracker\">\n\t    <form id=\"search_form\" action=\"\">\n\t\t        <div class=\"meta-row\">\n            <div id=\"search-certificates\" class=\"meta-td\">\n                <label for=\"search_by_id\"><\/label>\n                <input name=\"search_by_id\" id=\"search_by_id\" maxlength=\"30\" size=\"25\"\n\t\t\t\t\t                >\n\t\t\t\t                    <input type=\"hidden\" id=\"xyq\" value=\"\">\n                    <input type=\"button\" id=\"search-btn\" value=\"Recherche\" class=\"button-primary\">\n                    <img decoding=\"async\" src=\"https:\/\/learning.canadasoccer.com\/wp-admin\/images\/loading.gif\" id=\"loading-animation-search\"\n                         style=\"display: none;margin-left: 1rem;\" alt=\"\">\n\t\t\t\t            <\/div>\n        <\/div>\n\t\t    <input type=\"hidden\" name=\"trp-form-language\" value=\"fr\"\/><\/form>\n    <p id=\"search-table\"><\/p>\n<\/div>\n<\/p>","protected":false},"excerpt":{"rendered":"<p>V\u00e9rification de la certification Saisissez un num\u00e9ro de certificat pour v\u00e9rifier si l'utilisateur dispose d'un certificat valide.<\/p>","protected":false},"author":2,"featured_media":0,"parent":0,"menu_order":0,"comment_status":"closed","ping_status":"closed","template":"","meta":{"_kad_blocks_custom_css":"","_kad_blocks_head_custom_js":"","_kad_blocks_body_custom_js":"","_kad_blocks_footer_custom_js":"","_kad_post_transparent":"","_kad_post_title":"","_kad_post_layout":"","_kad_post_sidebar_id":"","_kad_post_content_style":"","_kad_post_vertical_padding":"","_kad_post_feature":"","_kad_post_feature_position":"","_kad_post_header":false,"_kad_post_footer":false,"_kad_post_classname":"","footnotes":""},"class_list":["post-7140","page","type-page","status-publish","hentry"],"taxonomy_info":[],"featured_image_src_large":false,"author_info":{"display_name":"Mike Whyatt","author_link":"https:\/\/learning.canadasoccer.com\/fr\/author\/mikewhyatt84\/"},"comment_info":0,"_links":{"self":[{"href":"https:\/\/learning.canadasoccer.com\/fr\/wp-json\/wp\/v2\/pages\/7140","targetHints":{"allow":["GET"]}}],"collection":[{"href":"https:\/\/learning.canadasoccer.com\/fr\/wp-json\/wp\/v2\/pages"}],"about":[{"href":"https:\/\/learning.canadasoccer.com\/fr\/wp-json\/wp\/v2\/types\/page"}],"author":[{"embeddable":true,"href":"https:\/\/learning.canadasoccer.com\/fr\/wp-json\/wp\/v2\/users\/2"}],"replies":[{"embeddable":true,"href":"https:\/\/learning.canadasoccer.com\/fr\/wp-json\/wp\/v2\/comments?post=7140"}],"version-history":[{"count":0,"href":"https:\/\/learning.canadasoccer.com\/fr\/wp-json\/wp\/v2\/pages\/7140\/revisions"}],"wp:attachment":[{"href":"https:\/\/learning.canadasoccer.com\/fr\/wp-json\/wp\/v2\/media?parent=7140"}],"curies":[{"name":"wp","href":"https:\/\/api.w.org\/{rel}","templated":true}]}}